{"id":261215,"date":"2024-11-14T15:02:44","date_gmt":"2024-11-14T13:02:44","guid":{"rendered":"https:\/\/manastirea-milestii-noi.md\/?page_id=261215"},"modified":"2024-11-15T17:55:20","modified_gmt":"2024-11-15T15:55:20","slug":"termeni-si-conditii-manastirea-invierea-domnului","status":"publish","type":"page","link":"https:\/\/manastirea-milestii-noi.md\/ru\/termeni-si-conditii-manastirea-invierea-domnului\/","title":{"rendered":"TERMENI \u0218I CONDI\u021aII &#8211;  M\u0103n\u0103stirea \u00cenvierea Domnului"},"content":{"rendered":"<p>[et_pb_section fb_built=&#8221;1&#8243; _builder_version=&#8221;4.27.3&#8243; _module_preset=&#8221;default&#8221; background_color=&#8221;rgba(0,0,0,0.6)&#8221; background_image=&#8221;https:\/\/manastirea-milestii-noi.md\/wp-content\/uploads\/2024\/11\/manastirea-milestii-noi_pic-44.jpg&#8221; background_position=&#8221;bottom_center&#8221; background_vertical_offset=&#8221;28%&#8221; background_blend=&#8221;overlay&#8221; global_colors_info=&#8221;{}&#8221;][et_pb_row _builder_version=&#8221;4.27.2&#8243; _module_preset=&#8221;default&#8221; custom_margin=&#8221;75px||75px||false|false&#8221; custom_padding=&#8221;0px||0px||true|false&#8221; global_colors_info=&#8221;{}&#8221;][et_pb_column type=&#8221;4_4&#8243; _builder_version=&#8221;4.16&#8243; _module_preset=&#8221;default&#8221; global_colors_info=&#8221;{}&#8221;][et_pb_text _builder_version=&#8221;4.16&#8243; _module_preset=&#8221;default&#8221; header_2_font=&#8221;|600|||||||&#8221; header_2_text_color=&#8221;#FFFFFF&#8221; header_2_font_size=&#8221;46px&#8221; header_2_letter_spacing=&#8221;-0.5px&#8221; header_2_line_height=&#8221;1.2em&#8221; text_orientation=&#8221;center&#8221; global_colors_info=&#8221;{}&#8221;]<\/p>\n<h2><strong><span><a href=\"https:\/\/manastirea-milestii-noi.md\/ru\/termeni-si-conditii-manastirea-invierea-domnului\/\" target=\"_blank\" rel=\"noopener\">\u0423\u0421\u041b\u041e\u0412\u0418\u042f \u0418 \u041f\u041e\u041b\u041e\u0416\u0415\u041d\u0418\u042f<\/a><\/span><\/strong><\/h2>\n<p>[\/et_pb_text][\/et_pb_column][\/et_pb_row][\/et_pb_section][et_pb_section fb_built=&#8221;1&#8243; _builder_version=&#8221;4.16&#8243; _module_preset=&#8221;default&#8221; locked=&#8221;off&#8221; global_colors_info=&#8221;{}&#8221;][et_pb_row _builder_version=&#8221;4.16&#8243; _module_preset=&#8221;default&#8221; max_width=&#8221;1200px&#8221; custom_css_main_element=&#8221;display: flex;||align-items: center;&#8221; locked=&#8221;off&#8221; global_colors_info=&#8221;{}&#8221;][et_pb_column type=&#8221;4_4&#8243; _builder_version=&#8221;4.16&#8243; _module_preset=&#8221;default&#8221; global_colors_info=&#8221;{}&#8221;][et_pb_text _builder_version=&#8221;4.27.3&#8243; _module_preset=&#8221;default&#8221; global_colors_info=&#8221;{}&#8221;]<\/p>\n<p><strong style=\"font-family: hivnotretro, Helvetica, Arial, Lucida, sans-serif; font-size: 30px;\"><a href=\"https:\/\/manastirea-milestii-noi.md\/ru\/termeni-si-conditii-manastirea-invierea-domnului\/\" target=\"_blank\" rel=\"noopener\">\u0423\u0421\u041b\u041e\u0412\u0418\u042f \u0418 \u041f\u041e\u041b\u041e\u0416\u0415\u041d\u0418\u042f<\/a><\/strong><strong><\/strong><\/p>\n<p><strong><br \/>INTRODUCERE<\/strong><\/p>\n<p>Procesarea cardului \u00een scopul don\u0103rii de fonduri pentru activit\u0103\u021bile AO ORTODOXIA ESTE CETATEA NOASTRA, prin intermediul platformei E-commerce, conectat\u0103 la site-ul nostru web: <a href=\"https:\/\/manastirea-milestii-noi.md\/ru\/\">www.manastirea-milestii-noi.md<\/a> implic\u0103 acceptarea prezen\u021bilor termeni \u0219i condi\u021bii.<\/p>\n<p>Acceptarea opera\u021biei presupune c\u0103 termenii \u0219i condi\u021biile au fost citite \u0219i acceptate.<\/p>\n<p>Site-ul web\u00a0<a href=\"https:\/\/manastirea-milestii-noi.md\/ru\/\">www.manastirea-milestii-noi.md<\/a>, numit \u00een continuare \u201eSite\u201d, este proprietatea AO\u00a0ORTODOXIA\u00a0 ESTE CETATEA NOASTRA, cu sediul \u00een <br \/>MD-2069 MUN. CHI\u015eIN\u0102U, SEC. BUIUCANI, STR. MILANO 40A, nr. de identificare de stat 1023620004673.<\/p>\n<p>Platforma \u201cE-commerce\u201d conectat\u0103 la site-ul nostru web <a href=\"https:\/\/manastirea-milestii-noi.md\/ru\/\">www.manastirea-milestii-noi.md<\/a>\u00a0este destinat\u0103 colect\u0103rii de fonduri pentru constructia m\u0103n\u0103stirei &#8222;\u00cenvierea Domnului&#8221;, sat. Mile\u0219tii Noi, r-nul Ialoveni, binefacere si activit\u0103\u021bile sociale a AO ORTODOXIA ESTE CETATEA NOASTRA.<br \/><strong><br \/>OBLIGA\u021aIUNI<\/strong><\/p>\n<p>AO ORTODOXIA ESTE CETATEA NOASTRA se oblig\u0103 s\u0103 asigure buna func\u021bionare a platformei <br \/>\u201cE-commerce\u201d pe \u00eentreaga durat\u0103 a campaniei de colectare a dona\u021biei.<\/p>\n<p>AO ORTODOXIA ESTE CETATEA NOASTRA se oblig\u0103 s\u0103 foloseasc\u0103 fondurile ob\u021binute prin intermediul campaniei de colectare a fondurilor conform scopurilor declarate. La solicitarea Donatorului, AO ORTODOXIA ESTE CETATEA NOASTRA se oblig\u0103 s\u0103 informeze cu privire la utilizarea fondurilor.<\/p>\n<p>AO ORTODOXIA ESTE CETATEA NOASTRA nu va folosi datele participan\u021bilor la aceast\u0103 campanie pentru un alt scop dec\u00e2t cel declarat.<\/p>\n<p><strong>PROPRIETATEA INTELECTUAL\u0102<\/strong><\/p>\n<p>\u00centregul con\u021binut al Site-ului (imagini, texte, grafice, simboluri, elemente de grafic\u0103 WEB, scripturi, programe \u0219i alte date) este proprietatea AO ORTODOXIA ESTE CETATEA NOASTRA \u0219i este ap\u0103rat de legea pentru protec\u021bia drepturilor de autor.<\/p>\n<p><strong>CONFIDEN\u021aIALITATEA INFORMA\u021aIILOR<\/strong><\/p>\n<p>Datele solicitate de c\u0103tre AO ORTODOXIA ESTE CETATEA NOASTRA vor fi folosite doar \u00een contextul facilit\u0103rii dona\u021biilor pentru activit\u0103\u021bile sus declarate.<\/p>\n<p>Informa\u021biile ob\u021binute de la donator, nu vor fi puse la dispozi\u021bia niciunei persoane fizice, juridice, institu\u0163ii, etc. dec\u00e2t \u00een cazul \u00een care sunt solicitate justificat de c\u0103tre autorit\u0103\u021bile \u00een drept s\u0103 verifice tranzac\u021biile comerciale sau \u00een alte cazuri prev\u0103zute de lege \u0219i \u00een conformitate cu procedurile stabilite de aceste legi.<\/p>\n<p>Datele personale ale utilizatorului vor fi folosite de AO ORTODOXIA ESTE CETATEA NOASTRA numai \u00een scopul declarat al acestei campanii.<\/p>\n<p>Datele colectate vor fi folosite numai \u00een cazurile permise de legisla\u021bia \u00een vigoare a R. Moldova (conform legii nr. 133 cu privire la prelucrarea datelor de caracter personal).<\/p>\n<p><strong>DONA\u021aII \u0218I PL\u0102\u021aI<\/strong><\/p>\n<p>Pe site-ul <span><a href=\"https:\/\/manastirea-milestii-noi.md\/ru\/\">www.manastirea-milestii-noi.md<\/a><\/span> dona\u021biile sunt procesate prin intermediul serviciului PayNet, utiliz\u00e2nd cardurile Mastercard sau Visa.\u00a0<\/p>\n<p>\u00cen cazul \u00een care valuta cardului \u0219i valuta dona\u021biei nu va coincide, atunci conversia se va face conform regulilor emitentului cardului.<\/p>\n<p>Valoarea dona\u021biei selectat\u0103 este costul net care va fi pl\u0103tit de utilizator, f\u0103r\u0103 nicio tax\u0103 suplimentar\u0103.<\/p>\n<p>Banii dona\u021bi vor ajunge direct \u00een contul AO ORTODOXIA ESTE CETATEA NOASTRA care are un contract cu procesatorul de pl\u0103\u021bi \u201cPaynet Services S.R.L. <br \/>Licen\u021ba, BNM Nr. 000586\u201d.<\/p>\n<p>De asemenea, pot fi efectuate dona\u021bii prin depunerea mijloacelor b\u0103ne\u0219ti la sediile b\u0103ncilor sau alte institu\u021bii care proceseaz\u0103 pl\u0103\u021bi, utiliz\u00e2nd datele bancare ale organiza\u021biei.<\/p>\n<p><strong>MESAJE COMERCIALE NESOLICITATE<\/strong><\/p>\n<p>Ne asum\u0103m obliga\u021bia c\u0103 nu vom genera spam.<\/p>\n<p><strong>POLITICA DE RETURNARE A DONA\u021aIILOR<\/strong><\/p>\n<p>Dona\u021biile se pot returna donatorilor \u00een cazul \u00een care ace\u0219tia solicit\u0103 \u00een mod expres acest lucru. \u00cen acest caz, donatorii vor trimite, \u00een termen de maxim 30 de zile calendaristice din momentul \u00een care a fost efectuat\u0103 dona\u021bia, o cerere scris\u0103 c\u0103tre AO ORTODOXIA ESTE CETATEA NOASTRA, \u00een care vor cere \u00een mod expres returnarea sumei donate. Donatorul va ata\u0219a la aceast\u0103 cerere dovada don\u0103rii acestei sume de bani prin intermediul platformei \u201cE-commerce\u201d, conectat\u0103 la site-ul nostru web\u00a0<a href=\"https:\/\/manastirea-milestii-noi.md\/ru\/\">www.manastirea-milestii-noi.md<\/a>.<\/p>\n<p>Cererea de returnare a dona\u021biilor \u0219i dovada don\u0103rii va fi expediat\u0103 prin po\u0219t\u0103 electronic\u0103, la adresa:\u00a0<a href=\"mailto:donatii@manastirea-milestii-noi.md\">donatii@manastirea-milestii-noi.md<\/a>, sau prin po\u0219t\u0103, la adresa: AO\u00a0ORTODOXIA\u00a0 ESTE CETATEA NOASTRA, MD-2069 MUN. CHI\u015eIN\u0102U, SEC. BUIUCANI, STR. MILANO 40A, <br \/>TEL.: +373 62017500.<\/p>\n<p><strong>DISPUTE \u0218I CONFLICTE<\/strong><\/p>\n<p>Orice tentativ\u0103 de acces neautorizat pe platforma \u201cE-commerce\u201d, conectat\u0103 la site-ul nostru web\u00a0<a href=\"https:\/\/manastirea-milestii-noi.md\/ru\/\">www.manastirea-milestii-noi.md<\/a>\u00a0\u0219i orice \u00eencercare de fraud\u0103 va fi raportat\u0103 autorit\u0103\u021bilor competente.<\/p>\n<p>Eventualele litigii, divergen\u021be sau preten\u021bii rezultate din sau \u00een leg\u0103tur\u0103 cu prezenta campanie, vor fi solu\u021bionate prin negocieri amiabile. Dac\u0103 aceste negocieri nu au succes \u00een termen de 30 zile calendaristice de la data la care apare disputa, aceasta va fi solu\u021bionat\u0103 de instan\u021bele judiciare competente ale Republicii Moldova.<\/p>\n<p>Termenii \u0219i condi\u0163iile generale de dona\u021bie sunt acceptate \u00een deplin\u0103 cuno\u0219tin\u021b\u0103 de c\u0103tre donator, actul de dona\u021bie implic\u00e2nd acceptarea imediat\u0103 \u0219i total\u0103 a prezentelor condi\u021bii.<\/p>\n<p>Fiind de acord cu ace\u0219ti Termeni \u0219i Condi\u021bii, donatorul \u00ee\u0219i asum\u0103 \u00een totalitate aceste riscuri.<\/p>\n<p>Termenii \u0219i condi\u021biile prezente pot fi oric\u00e2nd modificate f\u0103r\u0103 preaviz.<\/p>\n<p><strong>DURATA<\/strong><\/p>\n<p>Durata prezentului document este nedeterminat\u0103. Termenii \u0219i condi\u021biile intr\u0103 \u00een vigoare \u00een momentul public\u0103rii.<\/p>\n<p>[\/et_pb_text][\/et_pb_column][\/et_pb_row][\/et_pb_section]<\/p>","protected":false},"excerpt":{"rendered":"<p>TERMENI \u0218I CONDI\u021aIITERMENI \u0218I CONDI\u021aII INTRODUCERE Procesarea cardului \u00een scopul don\u0103rii de fonduri pentru activit\u0103\u021bile AO ORTODOXIA ESTE CETATEA NOASTRA, prin intermediul platformei E-commerce, conectat\u0103 la site-ul nostru web: www.manastirea-milestii-noi.md implic\u0103 acceptarea prezen\u021bilor termeni \u0219i condi\u021bii. Acceptarea opera\u021biei presupune c\u0103 termenii \u0219i condi\u021biile au fost citite \u0219i acceptate. Site-ul web\u00a0www.manastirea-milestii-noi.md, numit \u00een continuare \u201eSite\u201d, este [&hellip;]<\/p>","protected":false},"author":1,"featured_media":26,"parent":0,"menu_order":3,"comment_status":"closed","ping_status":"closed","template":"","meta":{"_et_pb_use_builder":"on","_et_pb_old_content":"","_et_gb_content_width":"","footnotes":""},"class_list":["post-261215","page","type-page","status-publish","has-post-thumbnail","hentry"],"yoast_head":"<!-- This site is optimized with the Yoast SEO plugin v25.5 - https:\/\/yoast.com\/wordpress\/plugins\/seo\/ -->\n<title>TERMENI \u0218I CONDI\u021aII - M\u0103n\u0103stirea \u00cenvierea Domnului \u2013 M\u0103n\u0103stirea &quot;\u00cenvierea Domnului&quot;, sat. Mile\u0219tii Noi<\/title>\n<meta name=\"description\" content=\"Invit\u0103m doritorii \u0219i bunii cre\u0219tini, s\u0103 se al\u0103ture acestui vis, prin sprijinirea construc\u021biei m\u0103n\u0103stirii. Fiecare aport conteaz\u0103! Dumnezeu s\u0103 v\u0103 r\u0103spl\u0103teasc\u0103 efortul \u0219i generozitatea!\" \/>\n<meta name=\"robots\" content=\"index, follow, max-snippet:-1, max-image-preview:large, max-video-preview:-1\" \/>\n<link rel=\"canonical\" href=\"https:\/\/manastirea-milestii-noi.md\/ru\/termeni-si-conditii-manastirea-invierea-domnului\/\" \/>\n<meta property=\"og:locale\" content=\"ru_RU\" \/>\n<meta property=\"og:type\" content=\"article\" \/>\n<meta property=\"og:title\" content=\"TERMENI \u0218I CONDI\u021aII - M\u0103n\u0103stirea \u00cenvierea Domnului \u2013 M\u0103n\u0103stirea &quot;\u00cenvierea Domnului&quot;, sat. Mile\u0219tii Noi\" \/>\n<meta property=\"og:description\" content=\"Invit\u0103m doritorii \u0219i bunii cre\u0219tini, s\u0103 se al\u0103ture acestui vis, prin sprijinirea construc\u021biei m\u0103n\u0103stirii. Fiecare aport conteaz\u0103! Dumnezeu s\u0103 v\u0103 r\u0103spl\u0103teasc\u0103 efortul \u0219i generozitatea!\" \/>\n<meta property=\"og:url\" content=\"https:\/\/manastirea-milestii-noi.md\/ru\/termeni-si-conditii-manastirea-invierea-domnului\/\" \/>\n<meta property=\"og:site_name\" content=\"M\u0103n\u0103stirea &quot;\u00cenvierea Domnului&quot;\" \/>\n<meta property=\"article:modified_time\" content=\"2024-11-15T15:55:20+00:00\" \/>\n<meta property=\"og:image\" content=\"https:\/\/manastirea-milestii-noi.md\/wp-content\/uploads\/2024\/11\/ICON_Manastirea_favion1.png\" \/>\n\t<meta property=\"og:image:width\" content=\"2000\" \/>\n\t<meta property=\"og:image:height\" content=\"2000\" \/>\n\t<meta property=\"og:image:type\" content=\"image\/png\" \/>\n<meta name=\"twitter:card\" content=\"summary_large_image\" \/>\n<meta name=\"twitter:label1\" content=\"\u041f\u0440\u0438\u043c\u0435\u0440\u043d\u043e\u0435 \u0432\u0440\u0435\u043c\u044f \u0434\u043b\u044f \u0447\u0442\u0435\u043d\u0438\u044f\" \/>\n\t<meta name=\"twitter:data1\" content=\"5 \u043c\u0438\u043d\u0443\u0442\" \/>\n<script type=\"application\/ld+json\" class=\"yoast-schema-graph\">{\"@context\":\"https:\/\/schema.org\",\"@graph\":[{\"@type\":\"WebPage\",\"@id\":\"https:\/\/manastirea-milestii-noi.md\/termeni-si-conditii-manastirea-invierea-domnului\/\",\"url\":\"https:\/\/manastirea-milestii-noi.md\/termeni-si-conditii-manastirea-invierea-domnului\/\",\"name\":\"TERMENI \u0218I CONDI\u021aII - M\u0103n\u0103stirea \u00cenvierea Domnului \u2013 M\u0103n\u0103stirea \\\"\u00cenvierea Domnului\\\", sat. Mile\u0219tii Noi\",\"isPartOf\":{\"@id\":\"https:\/\/manastirea-milestii-noi.md\/#website\"},\"primaryImageOfPage\":{\"@id\":\"https:\/\/manastirea-milestii-noi.md\/termeni-si-conditii-manastirea-invierea-domnului\/#primaryimage\"},\"image\":{\"@id\":\"https:\/\/manastirea-milestii-noi.md\/termeni-si-conditii-manastirea-invierea-domnului\/#primaryimage\"},\"thumbnailUrl\":\"https:\/\/manastirea-milestii-noi.md\/wp-content\/uploads\/2024\/11\/ICON_Manastirea_favion1.png\",\"datePublished\":\"2024-11-14T13:02:44+00:00\",\"dateModified\":\"2024-11-15T15:55:20+00:00\",\"description\":\"Invit\u0103m doritorii \u0219i bunii cre\u0219tini, s\u0103 se al\u0103ture acestui vis, prin sprijinirea construc\u021biei m\u0103n\u0103stirii. Fiecare aport conteaz\u0103! Dumnezeu s\u0103 v\u0103 r\u0103spl\u0103teasc\u0103 efortul \u0219i generozitatea!\",\"breadcrumb\":{\"@id\":\"https:\/\/manastirea-milestii-noi.md\/termeni-si-conditii-manastirea-invierea-domnului\/#breadcrumb\"},\"inLanguage\":\"ru-RU\",\"potentialAction\":[{\"@type\":\"ReadAction\",\"target\":[\"https:\/\/manastirea-milestii-noi.md\/termeni-si-conditii-manastirea-invierea-domnului\/\"]}]},{\"@type\":\"ImageObject\",\"inLanguage\":\"ru-RU\",\"@id\":\"https:\/\/manastirea-milestii-noi.md\/termeni-si-conditii-manastirea-invierea-domnului\/#primaryimage\",\"url\":\"https:\/\/manastirea-milestii-noi.md\/wp-content\/uploads\/2024\/11\/ICON_Manastirea_favion1.png\",\"contentUrl\":\"https:\/\/manastirea-milestii-noi.md\/wp-content\/uploads\/2024\/11\/ICON_Manastirea_favion1.png\",\"width\":2000,\"height\":2000},{\"@type\":\"BreadcrumbList\",\"@id\":\"https:\/\/manastirea-milestii-noi.md\/termeni-si-conditii-manastirea-invierea-domnului\/#breadcrumb\",\"itemListElement\":[{\"@type\":\"ListItem\",\"position\":1,\"name\":\"Startseite\",\"item\":\"https:\/\/manastirea-milestii-noi.md\/\"},{\"@type\":\"ListItem\",\"position\":2,\"name\":\"TERMENI \u0218I CONDI\u021aII &#8211; M\u0103n\u0103stirea \u00cenvierea Domnului\"}]},{\"@type\":\"WebSite\",\"@id\":\"https:\/\/manastirea-milestii-noi.md\/#website\",\"url\":\"https:\/\/manastirea-milestii-noi.md\/\",\"name\":\"M\u0103n\u0103stirea &quot;\u00cenvierea Domnului&quot;\",\"description\":\"sat. Mile\u0219tii Noi, r-nul Ialoveni\",\"potentialAction\":[{\"@type\":\"SearchAction\",\"target\":{\"@type\":\"EntryPoint\",\"urlTemplate\":\"https:\/\/manastirea-milestii-noi.md\/?s={search_term_string}\"},\"query-input\":{\"@type\":\"PropertyValueSpecification\",\"valueRequired\":true,\"valueName\":\"search_term_string\"}}],\"inLanguage\":\"ru-RU\"}]}<\/script>\n<!-- \/ Yoast SEO plugin. -->","yoast_head_json":{"title":"TERMENI \u0218I CONDI\u021aII - M\u0103n\u0103stirea \u00cenvierea Domnului \u2013 M\u0103n\u0103stirea \"\u00cenvierea Domnului\", sat. Mile\u0219tii Noi","description":"Invit\u0103m doritorii \u0219i bunii cre\u0219tini, s\u0103 se al\u0103ture acestui vis, prin sprijinirea construc\u021biei m\u0103n\u0103stirii. Fiecare aport conteaz\u0103! Dumnezeu s\u0103 v\u0103 r\u0103spl\u0103teasc\u0103 efortul \u0219i generozitatea!","robots":{"index":"index","follow":"follow","max-snippet":"max-snippet:-1","max-image-preview":"max-image-preview:large","max-video-preview":"max-video-preview:-1"},"canonical":"https:\/\/manastirea-milestii-noi.md\/ru\/termeni-si-conditii-manastirea-invierea-domnului\/","og_locale":"ru_RU","og_type":"article","og_title":"TERMENI \u0218I CONDI\u021aII - M\u0103n\u0103stirea \u00cenvierea Domnului \u2013 M\u0103n\u0103stirea \"\u00cenvierea Domnului\", sat. Mile\u0219tii Noi","og_description":"Invit\u0103m doritorii \u0219i bunii cre\u0219tini, s\u0103 se al\u0103ture acestui vis, prin sprijinirea construc\u021biei m\u0103n\u0103stirii. Fiecare aport conteaz\u0103! Dumnezeu s\u0103 v\u0103 r\u0103spl\u0103teasc\u0103 efortul \u0219i generozitatea!","og_url":"https:\/\/manastirea-milestii-noi.md\/ru\/termeni-si-conditii-manastirea-invierea-domnului\/","og_site_name":"M\u0103n\u0103stirea &quot;\u00cenvierea Domnului&quot;","article_modified_time":"2024-11-15T15:55:20+00:00","og_image":[{"width":2000,"height":2000,"url":"https:\/\/manastirea-milestii-noi.md\/wp-content\/uploads\/2024\/11\/ICON_Manastirea_favion1.png","type":"image\/png"}],"twitter_card":"summary_large_image","twitter_misc":{"\u041f\u0440\u0438\u043c\u0435\u0440\u043d\u043e\u0435 \u0432\u0440\u0435\u043c\u044f \u0434\u043b\u044f \u0447\u0442\u0435\u043d\u0438\u044f":"5 \u043c\u0438\u043d\u0443\u0442"},"schema":{"@context":"https:\/\/schema.org","@graph":[{"@type":"WebPage","@id":"https:\/\/manastirea-milestii-noi.md\/termeni-si-conditii-manastirea-invierea-domnului\/","url":"https:\/\/manastirea-milestii-noi.md\/termeni-si-conditii-manastirea-invierea-domnului\/","name":"TERMENI \u0218I CONDI\u021aII - M\u0103n\u0103stirea \u00cenvierea Domnului \u2013 M\u0103n\u0103stirea \"\u00cenvierea Domnului\", sat. Mile\u0219tii Noi","isPartOf":{"@id":"https:\/\/manastirea-milestii-noi.md\/#website"},"primaryImageOfPage":{"@id":"https:\/\/manastirea-milestii-noi.md\/termeni-si-conditii-manastirea-invierea-domnului\/#primaryimage"},"image":{"@id":"https:\/\/manastirea-milestii-noi.md\/termeni-si-conditii-manastirea-invierea-domnului\/#primaryimage"},"thumbnailUrl":"https:\/\/manastirea-milestii-noi.md\/wp-content\/uploads\/2024\/11\/ICON_Manastirea_favion1.png","datePublished":"2024-11-14T13:02:44+00:00","dateModified":"2024-11-15T15:55:20+00:00","description":"Invit\u0103m doritorii \u0219i bunii cre\u0219tini, s\u0103 se al\u0103ture acestui vis, prin sprijinirea construc\u021biei m\u0103n\u0103stirii. Fiecare aport conteaz\u0103! Dumnezeu s\u0103 v\u0103 r\u0103spl\u0103teasc\u0103 efortul \u0219i generozitatea!","breadcrumb":{"@id":"https:\/\/manastirea-milestii-noi.md\/termeni-si-conditii-manastirea-invierea-domnului\/#breadcrumb"},"inLanguage":"ru-RU","potentialAction":[{"@type":"ReadAction","target":["https:\/\/manastirea-milestii-noi.md\/termeni-si-conditii-manastirea-invierea-domnului\/"]}]},{"@type":"ImageObject","inLanguage":"ru-RU","@id":"https:\/\/manastirea-milestii-noi.md\/termeni-si-conditii-manastirea-invierea-domnului\/#primaryimage","url":"https:\/\/manastirea-milestii-noi.md\/wp-content\/uploads\/2024\/11\/ICON_Manastirea_favion1.png","contentUrl":"https:\/\/manastirea-milestii-noi.md\/wp-content\/uploads\/2024\/11\/ICON_Manastirea_favion1.png","width":2000,"height":2000},{"@type":"BreadcrumbList","@id":"https:\/\/manastirea-milestii-noi.md\/termeni-si-conditii-manastirea-invierea-domnului\/#breadcrumb","itemListElement":[{"@type":"ListItem","position":1,"name":"Startseite","item":"https:\/\/manastirea-milestii-noi.md\/"},{"@type":"ListItem","position":2,"name":"TERMENI \u0218I CONDI\u021aII &#8211; M\u0103n\u0103stirea \u00cenvierea Domnului"}]},{"@type":"WebSite","@id":"https:\/\/manastirea-milestii-noi.md\/#website","url":"https:\/\/manastirea-milestii-noi.md\/","name":"M\u0103n\u0103stirea &quot;\u00cenvierea Domnului&quot;","description":"sat. Mile\u0219tii Noi, r-nul Ialoveni","potentialAction":[{"@type":"SearchAction","target":{"@type":"EntryPoint","urlTemplate":"https:\/\/manastirea-milestii-noi.md\/?s={search_term_string}"},"query-input":{"@type":"PropertyValueSpecification","valueRequired":true,"valueName":"search_term_string"}}],"inLanguage":"ru-RU"}]}},"_links":{"self":[{"href":"https:\/\/manastirea-milestii-noi.md\/ru\/wp-json\/wp\/v2\/pages\/261215","targetHints":{"allow":["GET"]}}],"collection":[{"href":"https:\/\/manastirea-milestii-noi.md\/ru\/wp-json\/wp\/v2\/pages"}],"about":[{"href":"https:\/\/manastirea-milestii-noi.md\/ru\/wp-json\/wp\/v2\/types\/page"}],"author":[{"embeddable":true,"href":"https:\/\/manastirea-milestii-noi.md\/ru\/wp-json\/wp\/v2\/users\/1"}],"replies":[{"embeddable":true,"href":"https:\/\/manastirea-milestii-noi.md\/ru\/wp-json\/wp\/v2\/comments?post=261215"}],"version-history":[{"count":0,"href":"https:\/\/manastirea-milestii-noi.md\/ru\/wp-json\/wp\/v2\/pages\/261215\/revisions"}],"wp:featuredmedia":[{"embeddable":true,"href":"https:\/\/manastirea-milestii-noi.md\/ru\/wp-json\/wp\/v2\/media\/26"}],"wp:attachment":[{"href":"https:\/\/manastirea-milestii-noi.md\/ru\/wp-json\/wp\/v2\/media?parent=261215"}],"curies":[{"name":"wp","href":"https:\/\/api.w.org\/{rel}","templated":true}]}}